{"id":397,"date":"2019-04-05T16:04:57","date_gmt":"2019-04-05T14:04:57","guid":{"rendered":"https:\/\/www.gramanns.de\/?page_id=397"},"modified":"2022-11-21T14:51:40","modified_gmt":"2022-11-21T13:51:40","slug":"your-confriends","status":"publish","type":"page","link":"https:\/\/projekt2.kallitos.de\/fr\/your-confriends\/","title":{"rendered":"Your Confriends"},"content":{"rendered":"<section class=\"l-section wpb_row hero-img sportstime height_auto width_full\"><div class=\"l-section-h i-cf\"><div class=\"g-cols vc_row via_flex valign_middle type_default stacking_default\"><div class=\"vc_col-sm-12 wpb_column vc_column_container us_animate_afc\"><div class=\"vc_column-inner\"><div class=\"wpb_wrapper\"><div class=\"w-image us_custom_8ce30e06 align_center us_animate_aft\"><div class=\"w-image-h\"><img loading=\"lazy\" decoding=\"async\" width=\"2560\" height=\"1400\" src=\"https:\/\/projekt2.kallitos.de\/wp-content\/uploads\/2020\/09\/Accomodation-Service.jpg\" class=\"attachment-full size-full\" alt=\"\" srcset=\"https:\/\/projekt2.kallitos.de\/wp-content\/uploads\/2020\/09\/Accomodation-Service.jpg 2560w, https:\/\/projekt2.kallitos.de\/wp-content\/uploads\/2020\/09\/Accomodation-Service-1920x1050.jpg 1920w, https:\/\/projekt2.kallitos.de\/wp-content\/uploads\/2020\/09\/Accomodation-Service-500x273.jpg 500w\" sizes=\"(max-width: 2560px) 100vw, 2560px\" \/><\/div><\/div><\/div><\/div><\/div><\/div><\/div><\/section><section class=\"l-section wpb_row us_custom_c1e8dcb4 height_small\" id=\"competence\"><div class=\"l-section-h i-cf\"><div class=\"g-cols vc_row via_flex valign_top type_default stacking_default\"><div class=\"vc_col-sm-12 wpb_column vc_column_container\"><div class=\"vc_column-inner\"><div class=\"wpb_wrapper\"><div class=\"wpb_text_column\"><div class=\"wpb_wrapper\"><h2 style=\"text-align: center;\">Your Confriends <strong>\u00e0<\/strong> Leipzig<\/h2>\n<\/div><\/div><div class=\"w-separator size_custom\" style=\"height:10px\"><\/div><div class=\"w-separator us_custom_a92b9290 gramanns-hsep has_text_color size_small with_line width_30 thick_1 style_solid color_border align_center\"><div class=\"w-separator-h\"><\/div><\/div><div class=\"wpb_text_column txt-w-small\"><div class=\"wpb_wrapper\"><p style=\"text-align: center;\">notre soci\u00e9t\u00e9 a \u00e9t\u00e9 fond\u00e9e en 1996 \u00e0 l&rsquo;initiative de l&rsquo;industrie h\u00f4teli\u00e8re de Leipzig en tant que coop\u00e9ration marketing pour offrir aux associations, entreprises, soci\u00e9t\u00e9s et PCO\u2019s nationales et internationales un service unique et gratuit de guichet unique pour les grands contingents h\u00f4teliers.<br \/>\nOffres de diff\u00e9rentes cat\u00e9gories d&rsquo;h\u00f4tels, n\u00e9gociations de contrats, visites de la ville et cr\u00e9ation de plateformes de r\u00e9servation : tout d&rsquo;une seule source !<br \/>\nNous sommes \u00e9galement en mesure d&rsquo;offrir ce service pour d&rsquo;autres destinations.<\/p>\n<\/div><\/div><\/div><\/div><\/div><\/div><\/div><\/section><section class=\"l-section wpb_row height_medium\" id=\"findmore\"><div class=\"l-section-overlay\" style=\"background:#FFDBDB\"><\/div><div class=\"l-section-h i-cf\"><div class=\"g-cols vc_row via_flex valign_top type_default stacking_default\"><div class=\"vc_col-sm-12 wpb_column vc_column_container us_animate_afb\"><div class=\"vc_column-inner\"><div class=\"wpb_wrapper\"><div class=\"wpb_text_column\"><div class=\"wpb_wrapper\"><h2 style=\"text-align: center;\">RENT A CITY<\/h2>\n<\/div><\/div><div class=\"w-separator size_custom\" style=\"height:30px\"><\/div><div class=\"w-btn-wrapper align_center\"><a class=\"w-btn us-btn-style_5\" target=\" _blank\" rel=\"nofollow\" href=\"http:\/\/your-confriends.de\"><span class=\"w-btn-label\">your-confriends.de<\/span><\/a><\/div><\/div><\/div><\/div><\/div><\/div><\/section>\n","protected":false},"excerpt":{"rendered":"Your Confriends \u00e0 Leipzig notre soci\u00e9t\u00e9 a \u00e9t\u00e9 fond\u00e9e en 1996 \u00e0 l&rsquo;initiative de l&rsquo;industrie h\u00f4teli\u00e8re de Leipzig en tant que coop\u00e9ration marketing pour offrir aux associations, entreprises, soci\u00e9t\u00e9s et PCO\u2019s nationales et internationales un service unique et gratuit de guichet unique pour les grands contingents h\u00f4teliers. Offres de diff\u00e9rentes cat\u00e9gories d&rsquo;h\u00f4tels, n\u00e9gociations de contrats,...","protected":false},"author":1,"featured_media":0,"parent":0,"menu_order":0,"comment_status":"closed","ping_status":"closed","template":"","meta":{"footnotes":""},"acf":[],"aioseo_notices":[],"_links":{"self":[{"href":"https:\/\/projekt2.kallitos.de\/fr\/wp-json\/wp\/v2\/pages\/397"}],"collection":[{"href":"https:\/\/projekt2.kallitos.de\/fr\/wp-json\/wp\/v2\/pages"}],"about":[{"href":"https:\/\/projekt2.kallitos.de\/fr\/wp-json\/wp\/v2\/types\/page"}],"author":[{"embeddable":true,"href":"https:\/\/projekt2.kallitos.de\/fr\/wp-json\/wp\/v2\/users\/1"}],"replies":[{"embeddable":true,"href":"https:\/\/projekt2.kallitos.de\/fr\/wp-json\/wp\/v2\/comments?post=397"}],"version-history":[{"count":0,"href":"https:\/\/projekt2.kallitos.de\/fr\/wp-json\/wp\/v2\/pages\/397\/revisions"}],"wp:attachment":[{"href":"https:\/\/projekt2.kallitos.de\/fr\/wp-json\/wp\/v2\/media?parent=397"}],"curies":[{"name":"wp","href":"https:\/\/api.w.org\/{rel}","templated":true}]}}